{"id":37,"date":"2018-08-20T14:33:05","date_gmt":"2018-08-20T14:33:05","guid":{"rendered":"http:\/\/handel-muenster.de\/?page_id=37"},"modified":"2021-10-11T09:24:29","modified_gmt":"2021-10-11T09:24:29","slug":"uber-den-blog","status":"publish","type":"page","link":"http:\/\/handel-muenster.de\/?page_id=37","title":{"rendered":"\u00dcber den Blog"},"content":{"rendered":"<p>Hey Leute,<\/p>\n<p>willkommen auf meinem Blog! Mich interessiert alles rund ums Handeln! Selbst habe ich vor einigen Jahren mit Import K\u00fcchenger\u00e4ten angefangen und handle mittlerweile mit allem, womit sich Geld verdienen l\u00e4sst. Das bringt mir nicht nur eine nicht unbeachtliche Summe Geld ein sondern macht auch einen riesen Spa\u00df! Nachdem ich zuerst in meinem unmittelbaren Umfeld Freunde und Familie daf\u00fcr begeistern konnte, selbst mit Sachwerten zu handeln, wurde ich darauf hingewiesen, warum ich nicht einen Blog erstelle und dort von Zeit zu Zeit Menschen positive Anreize und Ideen gebe, womit sie handeln k\u00f6nnen. Und jetzt sind wir hier! Ich freue mich darauf in den kommenden Monaten immer mal wieder einen kurzen Beitrag zu ver\u00f6ffentlichen, womit es sich handeln l\u00e4sst und hoffe, so \u00fcber die Zeit eine sch\u00f6ne Bibliothek an Ideen zusammenzutragen, die euch etwas gibt.<\/p>\n<p>Viele Gr\u00fc\u00dfe, eure Kerstin!<\/p>\n","protected":false},"excerpt":{"rendered":"<p>Hey Leute, willkommen auf meinem Blog! Mich interessiert alles rund ums Handeln! Selbst habe ich vor einigen Jahren mit Import K\u00fcchenger\u00e4ten angefangen und handle mittlerweile mit allem, womit sich Geld verdienen l\u00e4sst. Das bringt mir nicht nur eine nicht unbeachtliche Summe Geld ein sondern macht auch einen riesen Spa\u00df! Nachdem ich zuerst in meinem unmittelbaren [&hellip;]<\/p>\n","protected":false},"author":1,"featured_media":0,"parent":0,"menu_order":0,"comment_status":"closed","ping_status":"closed","template":"","meta":{"_et_pb_use_builder":"","_et_pb_old_content":"","_et_gb_content_width":""},"_links":{"self":[{"href":"http:\/\/handel-muenster.de\/index.php?rest_route=\/wp\/v2\/pages\/37"}],"collection":[{"href":"http:\/\/handel-muenster.de\/index.php?rest_route=\/wp\/v2\/pages"}],"about":[{"href":"http:\/\/handel-muenster.de\/index.php?rest_route=\/wp\/v2\/types\/page"}],"author":[{"embeddable":true,"href":"http:\/\/handel-muenster.de\/index.php?rest_route=\/wp\/v2\/users\/1"}],"replies":[{"embeddable":true,"href":"http:\/\/handel-muenster.de\/index.php?rest_route=%2Fwp%2Fv2%2Fcomments&post=37"}],"version-history":[{"count":3,"href":"http:\/\/handel-muenster.de\/index.php?rest_route=\/wp\/v2\/pages\/37\/revisions"}],"predecessor-version":[{"id":148,"href":"http:\/\/handel-muenster.de\/index.php?rest_route=\/wp\/v2\/pages\/37\/revisions\/148"}],"wp:attachment":[{"href":"http:\/\/handel-muenster.de\/index.php?rest_route=%2Fwp%2Fv2%2Fmedia&parent=37"}],"curies":[{"name":"wp","href":"https:\/\/api.w.org\/{rel}","templated":true}]}}